{"id":3425,"date":"2019-12-17T10:31:06","date_gmt":"2019-12-17T09:31:06","guid":{"rendered":"https:\/\/www.francescacarbotti.it\/?page_id=3425"},"modified":"2025-02-04T14:31:47","modified_gmt":"2025-02-04T13:31:47","slug":"contact","status":"publish","type":"page","link":"https:\/\/www.francescacarbotti.it\/fr\/contact\/","title":{"rendered":"CONTACT"},"content":{"rendered":"\t\t<div data-elementor-type=\"wp-page\" data-elementor-id=\"3425\" class=\"elementor elementor-3425 elementor-181\">\n\t\t\t\t\t\t<section class=\"elementor-section elementor-top-section elementor-element elementor-element-fdeddc3 elementor-section-stretched scheme_default elementor-section-boxed elementor-section-height-default elementor-section-height-default sc_fly_static\" data-id=\"fdeddc3\" data-element_type=\"section\" data-e-type=\"section\" data-settings=\"{&quot;stretch_section&quot;:&quot;section-stretched&quot;,&quot;background_background&quot;:&quot;classic&quot;}\">\n\t\t\t\t\t\t<div class=\"elementor-container elementor-column-gap-extended\">\n\t\t\t\t\t<div class=\"elementor-column elementor-col-100 elementor-top-column elementor-element elementor-element-e9089ae sc_content_align_inherit sc_layouts_column_icons_position_left sc_fly_static\" data-id=\"e9089ae\" data-element_type=\"column\" data-e-type=\"column\">\n\t\t\t<div class=\"elementor-widget-wrap elementor-element-populated\">\n\t\t\t\t\t\t<section class=\"elementor-section elementor-inner-section elementor-element elementor-element-05f2509 elementor-section-boxed elementor-section-height-default elementor-section-height-default sc_fly_static\" data-id=\"05f2509\" data-element_type=\"section\" data-e-type=\"section\">\n\t\t\t\t\t\t<div class=\"elementor-container elementor-column-gap-no\">\n\t\t\t\t\t<div class=\"elementor-column elementor-col-100 elementor-inner-column elementor-element elementor-element-9551bc8 sc_content_align_inherit sc_layouts_column_icons_position_left sc_fly_static\" data-id=\"9551bc8\" data-element_type=\"column\" data-e-type=\"column\">\n\t\t\t<div class=\"elementor-widget-wrap elementor-element-populated\">\n\t\t\t\t\t\t<div class=\"elementor-element elementor-element-fdb48ad sc_fly_static elementor-widget elementor-widget-trx_sc_icons\" data-id=\"fdb48ad\" data-element_type=\"widget\" data-e-type=\"widget\" data-widget_type=\"trx_sc_icons.default\">\n\t\t\t\t<div class=\"elementor-widget-container\">\n\t\t\t\t\t<div \tclass=\"sc_icons sc_icons_extra sc_icons_size_small sc_align_center\" ><div class=\"sc_icons_columns_wrap sc_item_columns trx_addons_columns_wrap columns_padding_bottom columns_in_single_row\" ><div class=\"trx_addons_column-1_3\"><div class=\"sc_icons_item sc_icons_item_linked\"><div class=\"sc_icons_icon sc_icon_type_ icon-mail-empty\" ><span class=\"sc_icon_type_ icon-mail-empty\"><\/span><\/div><div class=\"sc_icons_item_details\"><h4 class=\"sc_icons_item_title\"><a href=\"mailto:info@francescacarbotti.it\">\r\n                                    E-mail                                    <\/a><\/h4><div class=\"sc_icons_item_description\"><span>info@francescacarbotti.it<\/span><\/div><a href=\"mailto:info@francescacarbotti.it\"\r\n                        class=\"sc_icons_item_link\">\r\n                        <\/a><\/div><\/div><\/div><div class=\"trx_addons_column-1_3\"><div class=\"sc_icons_item sc_icons_item_linked\"><div class=\"sc_icons_icon sc_icon_type_ icon-phone\" ><span class=\"sc_icon_type_ icon-phone\"><\/span><\/div><div class=\"sc_icons_item_details\"><h4 class=\"sc_icons_item_title\"><a href=\"tel:+39%20339%2026%2021%20389\">\r\n                                    T\u00e9l\u00e9phone                                    <\/a><\/h4><div class=\"sc_icons_item_description\"><span>+39 339 26 21 389<\/span><\/div><a href=\"tel:+39%20339%2026%2021%20389\"\r\n                        class=\"sc_icons_item_link\">\r\n                        <\/a><\/div><\/div><\/div><div class=\"trx_addons_column-1_3\"><div class=\"sc_icons_item sc_icons_item_linked\"><div class=\"sc_icons_icon sc_icon_type_ icon-location-1\" ><span class=\"sc_icon_type_ icon-location-1\"><\/span><\/div><div class=\"sc_icons_item_details\"><h4 class=\"sc_icons_item_title\"><a href=\"#\">\r\n                                    O\u00f9 je re\u00e7ois                                    <\/a><\/h4><div class=\"sc_icons_item_description\"><span>PARIGI<\/span><span>39, Boulevard de Magenta<\/span><span>75010 Parigi<\/span><span><\/br><\/span><span>MILANO<\/span><span>Via Varazze, 6<\/span><span>20149 Milano<\/span><\/div><a href=\"#\"\r\n                        class=\"sc_icons_item_link\">\r\n                        <\/a><\/div><\/div><\/div><\/div><\/div><!-- \/.sc_icons -->\t\t\t\t<\/div>\n\t\t\t\t<\/div>\n\t\t\t\t\t<\/div>\n\t\t<\/div>\n\t\t\t\t\t<\/div>\n\t\t<\/section>\n\t\t\t\t\t<\/div>\n\t\t<\/div>\n\t\t\t\t\t<\/div>\n\t\t<\/section>\n\t\t\t\t<section class=\"elementor-section elementor-top-section elementor-element elementor-element-f3bce96 scheme_default elementor-section-content-middle elementor-section-stretched elementor-section-boxed elementor-section-height-default elementor-section-height-default sc_fly_static\" data-id=\"f3bce96\" data-element_type=\"section\" data-e-type=\"section\" data-settings=\"{&quot;background_background&quot;:&quot;classic&quot;,&quot;stretch_section&quot;:&quot;section-stretched&quot;}\">\n\t\t\t\t\t\t<div class=\"elementor-container elementor-column-gap-extended\">\n\t\t\t\t\t<div class=\"elementor-column elementor-col-100 elementor-top-column elementor-element elementor-element-ae1786e sc_content_align_inherit sc_layouts_column_icons_position_left sc_fly_static\" data-id=\"ae1786e\" data-element_type=\"column\" data-e-type=\"column\">\n\t\t\t<div class=\"elementor-widget-wrap elementor-element-populated\">\n\t\t\t\t\t\t<div class=\"elementor-element elementor-element-64ebe77 sc_fly_static elementor-widget elementor-widget-heading\" data-id=\"64ebe77\" data-element_type=\"widget\" data-e-type=\"widget\" data-widget_type=\"heading.default\">\n\t\t\t\t<div class=\"elementor-widget-container\">\n\t\t\t\t\t<h3 class=\"elementor-heading-title elementor-size-default\">POUR ME JOINDRE<\/h3>\t\t\t\t<\/div>\n\t\t\t\t<\/div>\n\t\t\t\t<div class=\"elementor-element elementor-element-2c5fc30 sc_fly_static elementor-widget elementor-widget-text-editor\" data-id=\"2c5fc30\" data-element_type=\"widget\" data-e-type=\"widget\" data-widget_type=\"text-editor.default\">\n\t\t\t\t<div class=\"elementor-widget-container\">\n\t\t\t\t\t\t\t\t\t<p>Pour une consultation personnalis\u00e9e ou de simples informations n\u2019h\u00e9sitez pas \u00e0 prendre contact avec moi.<\/p>\t\t\t\t\t\t\t\t<\/div>\n\t\t\t\t<\/div>\n\t\t\t\t<div class=\"elementor-element elementor-element-87d3d18 elementor-widget__width-inherit scheme_light sc_fly_static elementor-widget elementor-widget-trx_sc_contact_form_7\" data-id=\"87d3d18\" data-element_type=\"widget\" data-e-type=\"widget\" data-widget_type=\"trx_sc_contact_form_7.default\">\n\t\t\t\t<div class=\"elementor-widget-container\">\n\t\t\t\t\t\n<div class=\"wpcf7 no-js\" id=\"wpcf7-f8127-o1\" lang=\"en-US\" dir=\"ltr\" data-wpcf7-id=\"8127\">\n<div class=\"screen-reader-response\"><p role=\"status\" aria-live=\"polite\" aria-atomic=\"true\"><\/p> <ul><\/ul><\/div>\n<form action=\"\/fr\/wp-json\/wp\/v2\/pages\/3425#wpcf7-f8127-o1\" method=\"post\" class=\"wpcf7-form init\" aria-label=\"Contact form\" novalidate=\"novalidate\" data-status=\"init\">\n<fieldset class=\"hidden-fields-container\"><input type=\"hidden\" name=\"_wpcf7\" value=\"8127\" \/><input type=\"hidden\" name=\"_wpcf7_version\" value=\"6.1.5\" \/><input type=\"hidden\" name=\"_wpcf7_locale\" value=\"en_US\" \/><input type=\"hidden\" name=\"_wpcf7_unit_tag\" value=\"wpcf7-f8127-o1\" \/><input type=\"hidden\" name=\"_wpcf7_container_post\" value=\"0\" \/><input type=\"hidden\" name=\"_wpcf7_posted_data_hash\" value=\"\" \/><input type=\"hidden\" name=\"_wpcf7_recaptcha_response\" value=\"\" \/>\n<\/fieldset>\n<div class=\"form-style-book\">\n\t<div class=\"columns_wrap\">\n\t\t<div class=\"column-1_3\">\n\t\t\t<p><span class=\"wpcf7-form-control-wrap\" data-name=\"your-name\"><input size=\"40\" maxlength=\"400\" class=\"wpcf7-form-control wpcf7-text wpcf7-validates-as-required\" aria-required=\"true\" aria-invalid=\"false\" placeholder=\"Nom*\" value=\"\" type=\"text\" name=\"your-name\" \/><\/span>\n\t\t\t<\/p>\n\t\t<\/div>\n\t\t<div class=\"column-1_3\">\n\t\t\t<p><span class=\"wpcf7-form-control-wrap\" data-name=\"your-email\"><input size=\"40\" maxlength=\"400\" class=\"wpcf7-form-control wpcf7-email wpcf7-validates-as-required wpcf7-text wpcf7-validates-as-email\" aria-required=\"true\" aria-invalid=\"false\" placeholder=\"E-mail*\" value=\"\" type=\"email\" name=\"your-email\" \/><\/span>\n\t\t\t<\/p>\n\t\t<\/div>\n\t\t<div class=\"column-1_3\">\n\t\t\t<p><span class=\"wpcf7-form-control-wrap\" data-name=\"tel-690\"><input size=\"40\" maxlength=\"400\" class=\"wpcf7-form-control wpcf7-tel wpcf7-validates-as-required wpcf7-text wpcf7-validates-as-tel\" aria-required=\"true\" aria-invalid=\"false\" placeholder=\"T\u00e9l\u00e9phone*\" value=\"\" type=\"tel\" name=\"tel-690\" \/><\/span>\n\t\t\t<\/p>\n\t\t<\/div>\n\t<\/div>\n\t<div class=\"columns_wrap\">\n\t\t<div class=\"column-1_1\">\n\t\t\t<p><span class=\"wpcf7-form-control-wrap\" data-name=\"your-message\"><textarea cols=\"40\" rows=\"10\" maxlength=\"2000\" class=\"wpcf7-form-control wpcf7-textarea\" aria-invalid=\"false\" placeholder=\"Message\" name=\"your-message\"><\/textarea><\/span>\n\t\t\t<\/p>\n\t\t<\/div>\n\t<\/div>\n\t<p class=\"columns_wrap\"><span class=\"wpcf7-form-control-wrap\" data-name=\"acceptance-445\"><span class=\"wpcf7-form-control wpcf7-acceptance\"><span class=\"wpcf7-list-item\"><label><input type=\"checkbox\" name=\"acceptance-445\" value=\"1\" checked=\"checked\" aria-invalid=\"false\" \/><span class=\"wpcf7-list-item-label\"><font color=\"white\">J'ai lu et accepte le traitement des donn\u00e9es personnelles <\/font><\/span><\/label><\/span><\/span><\/span><br \/>\n<input class=\"wpcf7-form-control wpcf7-submit has-spinner\" type=\"submit\" value=\"ENVOYER\" \/>\n\t<\/p>\n<\/div><div class=\"wpcf7-response-output\" aria-hidden=\"true\"><\/div>\n<\/form>\n<\/div>\n\t\t\t\t<\/div>\n\t\t\t\t<\/div>\n\t\t\t\t\t<\/div>\n\t\t<\/div>\n\t\t\t\t\t<\/div>\n\t\t<\/section>\n\t\t\t\t<section class=\"elementor-section elementor-top-section elementor-element elementor-element-0ce9dd6 elementor-section-full_width elementor-section-content-middle elementor-section-stretched elementor-section-height-default elementor-section-height-default sc_fly_static\" data-id=\"0ce9dd6\" data-element_type=\"section\" data-e-type=\"section\" data-settings=\"{&quot;background_background&quot;:&quot;classic&quot;,&quot;stretch_section&quot;:&quot;section-stretched&quot;}\">\n\t\t\t\t\t\t<div class=\"elementor-container elementor-column-gap-no\">\n\t\t\t\t\t<div class=\"elementor-column elementor-col-100 elementor-top-column elementor-element elementor-element-7a92cd2 sc_content_align_inherit sc_layouts_column_icons_position_left sc_fly_static\" data-id=\"7a92cd2\" data-element_type=\"column\" data-e-type=\"column\">\n\t\t\t<div class=\"elementor-widget-wrap elementor-element-populated\">\n\t\t\t\t\t\t<div class=\"elementor-element elementor-element-c08301d sc_fly_static elementor-widget elementor-widget-google_maps\" data-id=\"c08301d\" data-element_type=\"widget\" data-e-type=\"widget\" data-widget_type=\"google_maps.default\">\n\t\t\t\t<div class=\"elementor-widget-container\">\n\t\t\t\t\t\t\t<div class=\"elementor-custom-embed\">\n\t\t\t<iframe\n\t\t\t\t\tdata-src=\"https:\/\/maps.google.com\/maps?q=48.87255676583248%2C%202.3591864846830224&#038;t=m&#038;z=16&#038;output=embed&#038;iwloc=near\"\n\t\t\t\t\ttitle=\"48.87255676583248, 2.3591864846830224\"\n\t\t\t\t\taria-label=\"48.87255676583248, 2.3591864846830224\"\n\t\t\t src=\"data:image\/svg+xml;base64,PHN2ZyB3aWR0aD0iMSIgaGVpZ2h0PSIxIiB4bWxucz0iaHR0cDovL3d3dy53My5vcmcvMjAwMC9zdmciPjwvc3ZnPg==\" class=\"lazyload\" data-load-mode=\"1\"><\/iframe>\n\t\t<\/div>\n\t\t\t\t\t\t<\/div>\n\t\t\t\t<\/div>\n\t\t\t\t\t<\/div>\n\t\t<\/div>\n\t\t\t\t\t<\/div>\n\t\t<\/section>\n\t\t\t\t<\/div>\n\t\t","protected":false},"excerpt":{"rendered":"<p>E-mail info@francescacarbotti.it T\u00e9l\u00e9phone +39 339 26 21 389 O\u00f9 je re\u00e7ois PARIGI39, Boulevard de Magenta75010 ParigiMILANOVia Varazze, 620149 Milano POUR ME JOINDRE Pour une consultation personnalis\u00e9e ou de simples informations&hellip;<\/p>\n","protected":false},"author":54,"featured_media":0,"parent":0,"menu_order":0,"comment_status":"closed","ping_status":"closed","template":"","meta":{"footnotes":""},"class_list":["post-3425","page","type-page","status-publish","hentry"],"yoast_head":"<!-- This site is optimized with the Yoast SEO plugin v27.4 - https:\/\/yoast.com\/product\/yoast-seo-wordpress\/ -->\n<title>Psicologa italiana a Parigi - Psychologue italienne \u00e0 Paris<\/title>\n<meta name=\"description\" content=\"Psicologa italiana a Parigi - Psychologue italienne \u00e0 Paris. Psychologue Psychoth\u00e9rapeute Coach \u00e0 Paris en langue italienne\" \/>\n<meta name=\"robots\" content=\"index, follow, max-snippet:-1, max-image-preview:large, max-video-preview:-1\" \/>\n<link rel=\"canonical\" href=\"https:\/\/www.francescacarbotti.it\/fr\/contact\/\" \/>\n<meta property=\"og:locale\" content=\"fr_FR\" \/>\n<meta property=\"og:type\" content=\"article\" \/>\n<meta property=\"og:title\" content=\"Psicologa italiana a Parigi - Psychologue italienne \u00e0 Paris\" \/>\n<meta property=\"og:description\" content=\"Psicologa italiana a Parigi - Psychologue italienne \u00e0 Paris. Psychologue Psychoth\u00e9rapeute Coach \u00e0 Paris en langue italienne\" \/>\n<meta property=\"og:url\" content=\"https:\/\/www.francescacarbotti.it\/fr\/contact\/\" \/>\n<meta property=\"og:site_name\" content=\"Francesca Carbotti - Psicologa Psicoterapeuta - Milano City Life Parigi\" \/>\n<meta property=\"article:modified_time\" content=\"2025-02-04T13:31:47+00:00\" \/>\n<meta name=\"twitter:card\" content=\"summary_large_image\" \/>\n<script type=\"application\/ld+json\" class=\"yoast-schema-graph\">{\"@context\":\"https:\\\/\\\/schema.org\",\"@graph\":[{\"@type\":\"WebPage\",\"@id\":\"https:\\\/\\\/www.francescacarbotti.it\\\/fr\\\/contact\\\/\",\"url\":\"https:\\\/\\\/www.francescacarbotti.it\\\/fr\\\/contact\\\/\",\"name\":\"Psicologa italiana a Parigi - Psychologue italienne \u00e0 Paris\",\"isPartOf\":{\"@id\":\"https:\\\/\\\/www.francescacarbotti.it\\\/#website\"},\"datePublished\":\"2019-12-17T09:31:06+00:00\",\"dateModified\":\"2025-02-04T13:31:47+00:00\",\"description\":\"Psicologa italiana a Parigi - Psychologue italienne \u00e0 Paris. Psychologue Psychoth\u00e9rapeute Coach \u00e0 Paris en langue italienne\",\"breadcrumb\":{\"@id\":\"https:\\\/\\\/www.francescacarbotti.it\\\/fr\\\/contact\\\/#breadcrumb\"},\"inLanguage\":\"fr-FR\",\"potentialAction\":[{\"@type\":\"ReadAction\",\"target\":[\"https:\\\/\\\/www.francescacarbotti.it\\\/fr\\\/contact\\\/\"]}]},{\"@type\":\"BreadcrumbList\",\"@id\":\"https:\\\/\\\/www.francescacarbotti.it\\\/fr\\\/contact\\\/#breadcrumb\",\"itemListElement\":[{\"@type\":\"ListItem\",\"position\":1,\"name\":\"Home\",\"item\":\"https:\\\/\\\/www.francescacarbotti.it\\\/fr\\\/home\\\/\"},{\"@type\":\"ListItem\",\"position\":2,\"name\":\"CONTACT\"}]},{\"@type\":\"WebSite\",\"@id\":\"https:\\\/\\\/www.francescacarbotti.it\\\/#website\",\"url\":\"https:\\\/\\\/www.francescacarbotti.it\\\/\",\"name\":\"Francesca Carbotti - Psicologa Milano\",\"description\":\"\",\"publisher\":{\"@id\":\"https:\\\/\\\/www.francescacarbotti.it\\\/#\\\/schema\\\/person\\\/a9bd7b8cb8ed5c43c84cb6cb08e17cd5\"},\"potentialAction\":[{\"@type\":\"SearchAction\",\"target\":{\"@type\":\"EntryPoint\",\"urlTemplate\":\"https:\\\/\\\/www.francescacarbotti.it\\\/?s={search_term_string}\"},\"query-input\":{\"@type\":\"PropertyValueSpecification\",\"valueRequired\":true,\"valueName\":\"search_term_string\"}}],\"inLanguage\":\"fr-FR\"},{\"@type\":[\"Person\",\"Organization\"],\"@id\":\"https:\\\/\\\/www.francescacarbotti.it\\\/#\\\/schema\\\/person\\\/a9bd7b8cb8ed5c43c84cb6cb08e17cd5\",\"name\":\"Francesca Carbotti\",\"image\":{\"@type\":\"ImageObject\",\"inLanguage\":\"fr-FR\",\"@id\":\"https:\\\/\\\/www.francescacarbotti.it\\\/wp-content\\\/uploads\\\/2019\\\/11\\\/carbotti-logo-5.png\",\"url\":\"https:\\\/\\\/www.francescacarbotti.it\\\/wp-content\\\/uploads\\\/2019\\\/11\\\/carbotti-logo-5.png\",\"contentUrl\":\"https:\\\/\\\/www.francescacarbotti.it\\\/wp-content\\\/uploads\\\/2019\\\/11\\\/carbotti-logo-5.png\",\"width\":394,\"height\":63,\"caption\":\"Francesca Carbotti\"},\"logo\":{\"@id\":\"https:\\\/\\\/www.francescacarbotti.it\\\/wp-content\\\/uploads\\\/2019\\\/11\\\/carbotti-logo-5.png\"}}]}<\/script>\n<!-- \/ Yoast SEO plugin. -->","yoast_head_json":{"title":"Psicologa italiana a Parigi - Psychologue italienne \u00e0 Paris","description":"Psicologa italiana a Parigi - Psychologue italienne \u00e0 Paris. Psychologue Psychoth\u00e9rapeute Coach \u00e0 Paris en langue italienne","robots":{"index":"index","follow":"follow","max-snippet":"max-snippet:-1","max-image-preview":"max-image-preview:large","max-video-preview":"max-video-preview:-1"},"canonical":"https:\/\/www.francescacarbotti.it\/fr\/contact\/","og_locale":"fr_FR","og_type":"article","og_title":"Psicologa italiana a Parigi - Psychologue italienne \u00e0 Paris","og_description":"Psicologa italiana a Parigi - Psychologue italienne \u00e0 Paris. Psychologue Psychoth\u00e9rapeute Coach \u00e0 Paris en langue italienne","og_url":"https:\/\/www.francescacarbotti.it\/fr\/contact\/","og_site_name":"Francesca Carbotti - Psicologa Psicoterapeuta - Milano City Life Parigi","article_modified_time":"2025-02-04T13:31:47+00:00","twitter_card":"summary_large_image","schema":{"@context":"https:\/\/schema.org","@graph":[{"@type":"WebPage","@id":"https:\/\/www.francescacarbotti.it\/fr\/contact\/","url":"https:\/\/www.francescacarbotti.it\/fr\/contact\/","name":"Psicologa italiana a Parigi - Psychologue italienne \u00e0 Paris","isPartOf":{"@id":"https:\/\/www.francescacarbotti.it\/#website"},"datePublished":"2019-12-17T09:31:06+00:00","dateModified":"2025-02-04T13:31:47+00:00","description":"Psicologa italiana a Parigi - Psychologue italienne \u00e0 Paris. Psychologue Psychoth\u00e9rapeute Coach \u00e0 Paris en langue italienne","breadcrumb":{"@id":"https:\/\/www.francescacarbotti.it\/fr\/contact\/#breadcrumb"},"inLanguage":"fr-FR","potentialAction":[{"@type":"ReadAction","target":["https:\/\/www.francescacarbotti.it\/fr\/contact\/"]}]},{"@type":"BreadcrumbList","@id":"https:\/\/www.francescacarbotti.it\/fr\/contact\/#breadcrumb","itemListElement":[{"@type":"ListItem","position":1,"name":"Home","item":"https:\/\/www.francescacarbotti.it\/fr\/home\/"},{"@type":"ListItem","position":2,"name":"CONTACT"}]},{"@type":"WebSite","@id":"https:\/\/www.francescacarbotti.it\/#website","url":"https:\/\/www.francescacarbotti.it\/","name":"Francesca Carbotti - Psicologa Milano","description":"","publisher":{"@id":"https:\/\/www.francescacarbotti.it\/#\/schema\/person\/a9bd7b8cb8ed5c43c84cb6cb08e17cd5"},"potentialAction":[{"@type":"SearchAction","target":{"@type":"EntryPoint","urlTemplate":"https:\/\/www.francescacarbotti.it\/?s={search_term_string}"},"query-input":{"@type":"PropertyValueSpecification","valueRequired":true,"valueName":"search_term_string"}}],"inLanguage":"fr-FR"},{"@type":["Person","Organization"],"@id":"https:\/\/www.francescacarbotti.it\/#\/schema\/person\/a9bd7b8cb8ed5c43c84cb6cb08e17cd5","name":"Francesca Carbotti","image":{"@type":"ImageObject","inLanguage":"fr-FR","@id":"https:\/\/www.francescacarbotti.it\/wp-content\/uploads\/2019\/11\/carbotti-logo-5.png","url":"https:\/\/www.francescacarbotti.it\/wp-content\/uploads\/2019\/11\/carbotti-logo-5.png","contentUrl":"https:\/\/www.francescacarbotti.it\/wp-content\/uploads\/2019\/11\/carbotti-logo-5.png","width":394,"height":63,"caption":"Francesca Carbotti"},"logo":{"@id":"https:\/\/www.francescacarbotti.it\/wp-content\/uploads\/2019\/11\/carbotti-logo-5.png"}}]}},"_links":{"self":[{"href":"https:\/\/www.francescacarbotti.it\/fr\/wp-json\/wp\/v2\/pages\/3425","targetHints":{"allow":["GET"]}}],"collection":[{"href":"https:\/\/www.francescacarbotti.it\/fr\/wp-json\/wp\/v2\/pages"}],"about":[{"href":"https:\/\/www.francescacarbotti.it\/fr\/wp-json\/wp\/v2\/types\/page"}],"author":[{"embeddable":true,"href":"https:\/\/www.francescacarbotti.it\/fr\/wp-json\/wp\/v2\/users\/54"}],"replies":[{"embeddable":true,"href":"https:\/\/www.francescacarbotti.it\/fr\/wp-json\/wp\/v2\/comments?post=3425"}],"version-history":[{"count":12,"href":"https:\/\/www.francescacarbotti.it\/fr\/wp-json\/wp\/v2\/pages\/3425\/revisions"}],"predecessor-version":[{"id":8703,"href":"https:\/\/www.francescacarbotti.it\/fr\/wp-json\/wp\/v2\/pages\/3425\/revisions\/8703"}],"wp:attachment":[{"href":"https:\/\/www.francescacarbotti.it\/fr\/wp-json\/wp\/v2\/media?parent=3425"}],"curies":[{"name":"wp","href":"https:\/\/api.w.org\/{rel}","templated":true}]}}